{"id":69,"date":"2023-03-09T05:10:53","date_gmt":"2023-03-09T05:10:53","guid":{"rendered":"https:\/\/frenchorganmusicseminar.com\/?page_id=69"},"modified":"2023-03-23T00:37:29","modified_gmt":"2023-03-23T00:37:29","slug":"schedules","status":"publish","type":"page","link":"https:\/\/frenchorganmusicseminar.com\/?page_id=69","title":{"rendered":"Schedules"},"content":{"rendered":"\n<h3><strong>FOMS 2023<\/strong> &#8211; <strong><em>TENTATIVE STUDENT SCHEDULE<\/em><\/strong><\/h3>\n\n\n\n<figure class=\"wp-block-table has-small-font-size\"><table style=\"border-width:2px\"><tbody><tr><td>Jun 30 Fri<\/td><td><\/td><td>Leave for Paris<\/td><\/tr><tr><td>July 1&nbsp; Sat<\/td><td>12:00\u00a0Noon<\/td><td>FOMS&nbsp; and Reunion FOMS<strong>&nbsp; <\/strong>Opening Orientation \u2013 Notre Dame des Champs&nbsp;with Yannick Merlin<\/td><\/tr><tr><td><\/td><td>14:00 \u2013 16:30<\/td><td>Demo and Playing<strong> S<\/strong>ession with Frederick Blanc<\/td><\/tr><tr><td><\/td><td>19:00<strong>  &#8211;<\/strong>21:00<\/td><td>Demo and Playing Session at St. Sulpice with Sophie Choplin<\/td><\/tr><tr><td>Jul 2 Sun<\/td><td>MORNING<\/td><td>Church Organ Lofts of your choice<\/td><\/tr><tr><td><\/td><td>14:00 -16:30<\/td><td>Demo and Playing Session at St.&nbsp; Eustache<\/td><\/tr><tr><td><\/td><td>19:00 \u2013 21:00<\/td><td>Free Time or Listening Session with Reunion FOMS at St. Eustache<\/td><\/tr><tr><td>July 3 Mon<\/td><td>9:30 \u2013 12:00<\/td><td>Demo and Playing Session St. Severin with Francois Espinasse<\/td><\/tr><tr><td><\/td><td>14:00-15:00<\/td><td>FOMS Recital at St. Severin<\/td><\/tr><tr><td><\/td><td>16:00-17:00<\/td><td>Visit to Durufl\u00e9 apartment<\/td><\/tr><tr><td>July 4 Tue<\/td><td>10:00 \u2013 12:30<\/td><td>Demo and Playing Session at La Trinit\u00e9 (tentative)<\/td><\/tr><tr><td><\/td><td>14:00- 16:00<\/td><td>Demo and Playing Session at St. Etierre-du-Mont<\/td><\/tr><tr><td><\/td><td>16:00<\/td><td>Free<\/td><\/tr><tr><td>July 5 Wed<\/td><td>All Day<\/td><td>Versailles Palace &#8211; Tour Palace and Play the Organ with Francois Espinasse<\/td><\/tr><tr><td>July 6 Thur<\/td><td>9:00 \u2013 11:30<\/td><td>Demo and Playing Time at La Madeleine (tentative)<\/td><\/tr><tr><td><\/td><td>11:30 \u2013 19:00<\/td><td>Playing at St. Germaine des Pres<\/td><\/tr><tr><td><\/td><td>19:00 \u2013 21:30<\/td><td>Demo and Playing Time at Ste. Clotilde<\/td><\/tr><tr><td>July 7 Fri<\/td><td>9:30 \u2013 11:30<\/td><td>Demo and Master Class at B\u00e8\u00e7on with Christophe Mantoux<\/td><\/tr><tr><td><\/td><td>16:00<\/td><td>Playing Session at St. Augustin<\/td><\/tr><tr><td>July 8 Sat<\/td><td>9:30-11:30<\/td><td>Demo and Playing Session at. St. Severin with Christophe Mantoux<\/td><\/tr><tr><td><\/td><td>14:00 \u2013 16:00<\/td><td>Private and Group Lesson Scheduling (Optional Fee)<\/td><\/tr><\/tbody><\/table><\/figure>\n\n\n\n<div style=\"height:100px\" aria-hidden=\"true\" class=\"wp-block-spacer\"><\/div>\n\n\n\n<h3 class=\"has-background has-x-large-font-size\" style=\"background-color:#ffe2c78c;font-style:normal;font-weight:700\"><strong>FOMS REUNION 2023 &#8211; TENTATIVE SCHEDULE<\/strong> (TBD)<\/h3>\n\n\n\n<figure class=\"wp-block-table is-style-stripes has-small-font-size\"><table><tbody><tr><td>Jun 30 Fri<\/td><td><\/td><td>Leave for Paris<\/td><\/tr><tr><td>July 1 Sat<\/td><td>13:00<\/td><td>FOMS and Reunion FOMS Opening Orientation \u2013 Notre Dame Des Champs with Yannick Merlin<\/td><\/tr><tr><td><\/td><td>14:00 \u2013 17:00<\/td><td>Groups divide to go to 2-3 organs close to ND des Champs for Playing Time<\/td><\/tr><tr><td><\/td><td>17:00<\/td><td>Free<\/td><\/tr><tr><td>Jul 2 Sun<\/td><td>MORNING<\/td><td>Church Organ Lofts<\/td><\/tr><tr><td><\/td><td>14:00<\/td><td>Group Buffet Brunch on the Seine at Le Bistro Parisien followed by a Seine Cruise (Extra charge, TBA)<\/td><\/tr><tr><td><\/td><td>19:00<\/td><td>St. Eustache \u2013 Playing Time<\/td><\/tr><tr><td>July 3 Mon<\/td><td>9:30-12:00<\/td><td>Free<\/td><\/tr><tr><td><\/td><td>14:00 \u2013 17:00<\/td><td>Groups divide into 2 groups to play at St. Severin or St. Gervais<\/td><\/tr><tr><td><\/td><td>19:30-21:30<\/td><td>Notre Dame d\u2019Auteuil or Notre Dame des Lorette for Playing Time<\/td><\/tr><tr><td>July 4 Tue<\/td><td>MORNING<\/td><td>Playing Time at La Trinit\u00e9, ND des Champs, St. Vincent de Paul, or St. Antoine de Quinze Vingt<\/td><\/tr><tr><td><\/td><td>14:00<\/td><td>Free<\/td><\/tr><tr><td><\/td><td>19:00<\/td><td>St. Sulpice with Sophie Choplin<\/td><\/tr><tr><td>July 5 Wed<\/td><td>MORNING<\/td><td>Free<\/td><\/tr><tr><td><\/td><td>NOON<\/td><td>Group Lunch (Extra charge, TBA), with Francois Espinasse, Beatrice Piertot and Yannick Merlin<\/td><\/tr><tr><td><\/td><td>AFTERNOON<\/td><td>Playing Time at St. Augustin or Other Organs TBA<\/td><\/tr><tr><td><\/td><td>NIGHT<\/td><td>Playing Time at St-Etienne\u2013du-Mont, ND des Champs, with Vincent Warnier<\/td><\/tr><tr><td>July 6 Thur<\/td><td>MORNING<\/td><td>Possible FOMS Reunion Recital at St. Severin with Francois Espinasse<\/td><\/tr><tr><td><\/td><td>AFTERNOON<\/td><td>Playing Time at La Madeleine and St. Pierre de Chaillot<\/td><\/tr><tr><td><\/td><td>EVENING<\/td><td>Free<\/td><\/tr><tr><td>July 7: Fri<\/td><td>MORNING<\/td><td>Free<\/td><\/tr><tr><td><\/td><td>AFTERNOON<\/td><td>Lunch with Christophe Mantoux in B\u00e8\u00e7on followed by Playing time at St-Maurice in B\u00e8\u00e7on on the beautifully restored Cavaille-Coll<br>https:\/\/www.organsparisaz.vhhil.nl\/courbevoie%20st%20maurice.htm<\/td><\/tr><tr><td><\/td><td>NIGHT<\/td><td>Group Dinner (Extra charge, TBA)<\/td><\/tr><\/tbody><\/table><\/figure>\n","protected":false},"excerpt":{"rendered":"<p>FOMS 2023 &#8211; TENTATIVE STUDENT SCHEDULE Jun 30 Fri Leave for Paris July 1&nbsp; Sat 12:00\u00a0Noon FOMS&nbsp; and Reunion FOMS&nbsp; Opening Orientation \u2013 Notre Dame des Champs&nbsp;with Yannick Merlin 14:00 \u2013 16:30 Demo and Playing Session with Frederick Blanc 19:00 &#8211;21:00 Demo and Playing Session at St. Sulpice with Sophie Choplin Jul 2 Sun MORNING [&hellip;]<\/p>\n","protected":false},"author":1,"featured_media":0,"parent":0,"menu_order":0,"comment_status":"closed","ping_status":"closed","template":"","meta":[],"_links":{"self":[{"href":"https:\/\/frenchorganmusicseminar.com\/index.php?rest_route=\/wp\/v2\/pages\/69"}],"collection":[{"href":"https:\/\/frenchorganmusicseminar.com\/index.php?rest_route=\/wp\/v2\/pages"}],"about":[{"href":"https:\/\/frenchorganmusicseminar.com\/index.php?rest_route=\/wp\/v2\/types\/page"}],"author":[{"embeddable":true,"href":"https:\/\/frenchorganmusicseminar.com\/index.php?rest_route=\/wp\/v2\/users\/1"}],"replies":[{"embeddable":true,"href":"https:\/\/frenchorganmusicseminar.com\/index.php?rest_route=%2Fwp%2Fv2%2Fcomments&post=69"}],"version-history":[{"count":7,"href":"https:\/\/frenchorganmusicseminar.com\/index.php?rest_route=\/wp\/v2\/pages\/69\/revisions"}],"predecessor-version":[{"id":104,"href":"https:\/\/frenchorganmusicseminar.com\/index.php?rest_route=\/wp\/v2\/pages\/69\/revisions\/104"}],"wp:attachment":[{"href":"https:\/\/frenchorganmusicseminar.com\/index.php?rest_route=%2Fwp%2Fv2%2Fmedia&parent=69"}],"curies":[{"name":"wp","href":"https:\/\/api.w.org\/{rel}","templated":true}]}}